{"id":3793,"date":"2023-03-14T11:25:04","date_gmt":"2023-03-14T10:25:04","guid":{"rendered":"https:\/\/novaweb.acaes.net\/?page_id=3793"},"modified":"2025-12-22T22:43:42","modified_gmt":"2025-12-22T21:43:42","slug":"formacion-tecnificacion","status":"publish","type":"page","link":"https:\/\/acaes.net\/ca\/servicios\/formacion-tecnificacion\/","title":{"rendered":"Formaci\u00f3 tecnol\u00f2gica"},"content":{"rendered":"<div data-elementor-type=\"wp-page\" data-elementor-id=\"3793\" class=\"elementor elementor-3793\" data-elementor-post-type=\"page\">\n\t\t\t\t\t\t<section class=\"elementor-section elementor-top-section elementor-element elementor-element-ac38cfb elementor-section-boxed elementor-section-height-default elementor-section-height-default\" data-id=\"ac38cfb\" data-element_type=\"section\" data-e-type=\"section\">\n\t\t\t\t\t\t<div class=\"elementor-container elementor-column-gap-default\">\n\t\t\t\t\t<div class=\"elementor-column elementor-col-50 elementor-top-column elementor-element elementor-element-ae2c503\" data-id=\"ae2c503\" data-element_type=\"column\" data-e-type=\"column\">\n\t\t\t<div class=\"elementor-widget-wrap elementor-element-populated\">\n\t\t\t\t\t\t<div class=\"elementor-element elementor-element-f31927e elementor-nav-menu__align-start elementor-nav-menu--stretch elementor-widget__width-initial elementor-nav-menu--dropdown-tablet elementor-nav-menu__text-align-aside elementor-nav-menu--toggle elementor-nav-menu--burger elementor-widget elementor-widget-global elementor-global-3843 elementor-widget-nav-menu\" data-id=\"f31927e\" data-element_type=\"widget\" data-e-type=\"widget\" data-settings=\"{&quot;layout&quot;:&quot;vertical&quot;,&quot;submenu_icon&quot;:{&quot;value&quot;:&quot;&quot;,&quot;library&quot;:&quot;&quot;},&quot;full_width&quot;:&quot;stretch&quot;,&quot;toggle&quot;:&quot;burger&quot;}\" data-widget_type=\"nav-menu.default\">\n\t\t\t\t<div class=\"elementor-widget-container\">\n\t\t\t\t\t\t\t\t<nav aria-label=\"Menu\" class=\"elementor-nav-menu--main elementor-nav-menu__container elementor-nav-menu--layout-vertical e--pointer-background e--animation-fade\">\n\t\t\t\t<ul id=\"menu-1-f31927e\" class=\"elementor-nav-menu sm-vertical\"><li class=\"menu-item menu-item-type-post_type menu-item-object-page menu-item-3787\"><a href=\"https:\/\/acaes.net\/ca\/servicios\/asesoramiento-juridico\/\" class=\"elementor-item\">Assessorament Legal<\/a><\/li>\n<li class=\"menu-item menu-item-type-post_type menu-item-object-page menu-item-3809\"><a href=\"https:\/\/acaes.net\/ca\/servicios\/normas-une\/\" class=\"elementor-item\">Normes UNE<\/a><\/li>\n<li class=\"menu-item menu-item-type-post_type menu-item-object-page menu-item-3808\"><a href=\"https:\/\/acaes.net\/ca\/servicios\/concursos-y-licitaciones\/\" class=\"elementor-item\">Concursos i licitacions<\/a><\/li>\n<li class=\"menu-item menu-item-type-post_type menu-item-object-page menu-item-3807\"><a href=\"https:\/\/acaes.net\/ca\/servicios\/formacion-tecnificacion\/\" class=\"elementor-item\">Formaci\u00f3 tecnol\u00f2gica<\/a><\/li>\n<li class=\"menu-item menu-item-type-post_type menu-item-object-page menu-item-3806\"><a href=\"https:\/\/acaes.net\/ca\/servicios\/grupos-de-trabajo\/\" class=\"elementor-item\">Grups de treball<\/a><\/li>\n<li class=\"menu-item menu-item-type-post_type menu-item-object-page menu-item-3805\"><a href=\"https:\/\/acaes.net\/ca\/servicios\/convenio-colectivo-estatal-de-empresas\/\" class=\"elementor-item\">Conveni col\u00b7lectiu estatal d&#039;empreses<\/a><\/li>\n<li class=\"menu-item menu-item-type-post_type menu-item-object-page menu-item-3804\"><a href=\"https:\/\/acaes.net\/ca\/servicios\/relaciones-institucionales\/\" class=\"elementor-item\">Relacions institucionals<\/a><\/li>\n<\/ul>\t\t\t<\/nav>\n\t\t\t\t\t<div class=\"elementor-menu-toggle\" role=\"button\" tabindex=\"0\" aria-label=\"Commuta el men\u00fa\" aria-expanded=\"false\">\n\t\t\t<svg aria-hidden=\"true\" role=\"presentation\" class=\"elementor-menu-toggle__icon--open e-font-icon-svg e-fas-arrow-alt-circle-down\" viewbox=\"0 0 512 512\" xmlns=\"http:\/\/www.w3.org\/2000\/svg\"><path d=\"M504 256c0 137-111 248-248 248S8 393 8 256 119 8 256 8s248 111 248 248zM212 140v116h-70.9c-10.7 0-16.1 13-8.5 20.5l114.9 114.3c4.7 4.7 12.2 4.7 16.9 0l114.9-114.3c7.6-7.6 2.2-20.5-8.5-20.5H300V140c0-6.6-5.4-12-12-12h-64c-6.6 0-12 5.4-12 12z\"><\/path><\/svg><svg aria-hidden=\"true\" role=\"presentation\" class=\"elementor-menu-toggle__icon--close e-font-icon-svg e-fas-times\" viewbox=\"0 0 352 512\" xmlns=\"http:\/\/www.w3.org\/2000\/svg\"><path d=\"M242.72 256l100.07-100.07c12.28-12.28 12.28-32.19 0-44.48l-22.24-22.24c-12.28-12.28-32.19-12.28-44.48 0L176 189.28 75.93 89.21c-12.28-12.28-32.19-12.28-44.48 0L9.21 111.45c-12.28 12.28-12.28 32.19 0 44.48L109.28 256 9.21 356.07c-12.28 12.28-12.28 32.19 0 44.48l22.24 22.24c12.28 12.28 32.2 12.28 44.48 0L176 322.72l100.07 100.07c12.28 12.28 32.2 12.28 44.48 0l22.24-22.24c12.28-12.28 12.28-32.19 0-44.48L242.72 256z\"><\/path><\/svg>\t\t<\/div>\n\t\t\t\t\t<nav class=\"elementor-nav-menu--dropdown elementor-nav-menu__container\" aria-hidden=\"true\">\n\t\t\t\t<ul id=\"menu-2-f31927e\" class=\"elementor-nav-menu sm-vertical\"><li class=\"menu-item menu-item-type-post_type menu-item-object-page menu-item-3787\"><a href=\"https:\/\/acaes.net\/ca\/servicios\/asesoramiento-juridico\/\" class=\"elementor-item\" tabindex=\"-1\">Assessorament Legal<\/a><\/li>\n<li class=\"menu-item menu-item-type-post_type menu-item-object-page menu-item-3809\"><a href=\"https:\/\/acaes.net\/ca\/servicios\/normas-une\/\" class=\"elementor-item\" tabindex=\"-1\">Normes UNE<\/a><\/li>\n<li class=\"menu-item menu-item-type-post_type menu-item-object-page menu-item-3808\"><a href=\"https:\/\/acaes.net\/ca\/servicios\/concursos-y-licitaciones\/\" class=\"elementor-item\" tabindex=\"-1\">Concursos i licitacions<\/a><\/li>\n<li class=\"menu-item menu-item-type-post_type menu-item-object-page menu-item-3807\"><a href=\"https:\/\/acaes.net\/ca\/servicios\/formacion-tecnificacion\/\" class=\"elementor-item\" tabindex=\"-1\">Formaci\u00f3 tecnol\u00f2gica<\/a><\/li>\n<li class=\"menu-item menu-item-type-post_type menu-item-object-page menu-item-3806\"><a href=\"https:\/\/acaes.net\/ca\/servicios\/grupos-de-trabajo\/\" class=\"elementor-item\" tabindex=\"-1\">Grups de treball<\/a><\/li>\n<li class=\"menu-item menu-item-type-post_type menu-item-object-page menu-item-3805\"><a href=\"https:\/\/acaes.net\/ca\/servicios\/convenio-colectivo-estatal-de-empresas\/\" class=\"elementor-item\" tabindex=\"-1\">Conveni col\u00b7lectiu estatal d&#039;empreses<\/a><\/li>\n<li class=\"menu-item menu-item-type-post_type menu-item-object-page menu-item-3804\"><a href=\"https:\/\/acaes.net\/ca\/servicios\/relaciones-institucionales\/\" class=\"elementor-item\" tabindex=\"-1\">Relacions institucionals<\/a><\/li>\n<\/ul>\t\t\t<\/nav>\n\t\t\t\t\t\t<\/div>\n\t\t\t\t<\/div>\n\t\t\t\t\t<\/div>\n\t\t<\/div>\n\t\t\t\t<div class=\"elementor-column elementor-col-50 elementor-top-column elementor-element elementor-element-915cdd9\" data-id=\"915cdd9\" data-element_type=\"column\" data-e-type=\"column\">\n\t\t\t<div class=\"elementor-widget-wrap elementor-element-populated\">\n\t\t\t\t\t\t<div class=\"elementor-element elementor-element-c5cc2d5 animated-fast elementor-view-default elementor-invisible elementor-widget elementor-widget-icon\" data-id=\"c5cc2d5\" data-element_type=\"widget\" data-e-type=\"widget\" data-settings=\"{&quot;_animation&quot;:&quot;fadeInRight&quot;}\" data-widget_type=\"icon.default\">\n\t\t\t\t<div class=\"elementor-widget-container\">\n\t\t\t\t\t\t\t<div class=\"elementor-icon-wrapper\">\n\t\t\t<div class=\"elementor-icon\">\n\t\t\t<svg xmlns=\"http:\/\/www.w3.org\/2000\/svg\" xmlns:xlink=\"http:\/\/www.w3.org\/1999\/xlink\" id=\"Capa_1\" x=\"0px\" y=\"0px\" viewbox=\"0 0 100 100\" style=\"enable-background:new 0 0 100 100;\" xml:space=\"preserve\"><style type=\"text\/css\">\t.st0{fill-rule:evenodd;clip-rule:evenodd;}<\/style><g>\t<path d=\"M22.1,22.8l25.1,14.5c0.1,0.1,0.2,0.1,0.2,0.2c0.5,0.3,1,0.4,1.6,0.4c0.6,0,1.3-0.2,1.9-0.5l24.6-14.2l-4.1-2.7  c-0.5-0.3-1.1-0.2-1.4,0.3c-0.3,0.5-0.2,1.1,0.3,1.4l1.3,0.8L49.8,35.5c-0.5,0.3-1,0.3-1.4,0.1c-0.5-0.3-0.8-0.9-0.8-1.6  c0-1.5,0.7-2.5,2.4-3.5l22-12.7c0.7-0.4,1.2-1.2,1.2-2c0-0.8-0.4-1.6-1.2-2L48.4,0.1c0,0,0,0,0,0c0,0,0,0-0.1,0c0,0-0.1,0-0.1,0  c0,0,0,0-0.1,0C48,0,48,0,48,0c0,0-0.1,0-0.1,0c0,0-0.1,0-0.1,0c0,0-0.1,0-0.1,0c0,0-0.1,0-0.1,0c0,0-0.1,0-0.1,0c0,0-0.1,0-0.1,0  c0,0,0,0,0,0L23.4,13.9c-2.4,1.4-3.4,3-3.5,5.2c0,0.3,0,0.6,0.1,1.2C20.4,21.3,21.1,22.2,22.1,22.8z M22,19.2c0-1.4,0.5-2.3,2-3.2  l19.4,10.7c0.2,0.1,0.3,0.1,0.5,0.1c0.4,0,0.7-0.2,0.9-0.5c0.3-0.5,0.1-1.1-0.4-1.4L26,14.8L47.9,2.2L71,15.6  c0.1,0.1,0.1,0.2,0.1,0.2c0,0.1,0,0.2-0.1,0.2L49,28.7c-2.4,1.4-3.5,3-3.5,5.3L23.1,21c-0.5-0.3-0.9-0.7-1-1.2  c0-0.2-0.1-0.3-0.1-0.4V19.2z\"><\/path>\t<path d=\"M22.1,36.8l25.1,14.5c0.1,0.1,0.2,0.1,0.3,0.2c1,0.6,2.3,0.6,3.4-0.1l3.5-2v5l6.5-3.9v-4.9l14.6-8.4l-4.1-2.7  c-0.5-0.3-1.1-0.2-1.4,0.3c-0.3,0.5-0.2,1.1,0.3,1.4l1.3,0.8l-11,6.4c-0.3-0.8-1-1.6-1.8-2c-0.5-0.3-1.1-0.1-1.4,0.4  c-0.3,0.5-0.1,1.1,0.4,1.4c0.7,0.4,1.1,1.1,1.1,1.8v4.3l-2.4,1.4v-4.9l-6.6,3.8c-0.5,0.3-1,0.3-1.4,0.1c-0.5-0.3-0.8-0.9-0.8-1.6  c0-1.5,0.7-2.5,2.4-3.5l22-12.7c0.7-0.4,1.2-1.2,1.2-2c0-0.8-0.4-1.6-1.2-2c-0.5-0.3-1.1-0.1-1.4,0.4c-0.3,0.5-0.1,1.1,0.4,1.4  c0.1,0.1,0.1,0.2,0.1,0.2c0,0.1,0,0.2-0.1,0.2L49,42.7c-2.4,1.4-3.5,3-3.5,5.3L23.1,35c-0.5-0.3-0.9-0.7-1-1.2  c0-0.2-0.1-0.3-0.1-0.4v-0.1c0-1.5,0.7-2.5,2.5-3.5l1.1-0.7c0.5-0.3,0.6-0.9,0.3-1.4c-0.3-0.5-0.9-0.6-1.4-0.3l-1.1,0.7  c-2.4,1.4-3.4,3-3.5,5.2c0,0.3,0,0.6,0.1,1.2C20.4,35.4,21.1,36.2,22.1,36.8z\"><\/path>\t<path d=\"M84.1,22.6H80c-0.6,0-1,0.5-1,1c0,0.6,0.5,1,1,1h4.1c2.3,0,4.2,1.9,4.2,4.2v41.9H8V27.5c0-1.6,1.3-2.8,2.8-2.8h6.9  c0.6,0,1-0.5,1-1c0-0.6-0.5-1-1-1h-6.9c-2.7,0-4.9,2.2-4.9,4.9v49.8c0,2.8,2.3,5.1,5.1,5.1h25.6v5.4H34c-6.2,0-11.3,5-11.3,11.3  c0,0.6,0.5,1,1,1h48.7c0.6,0,1-0.5,1-1c0-6.2-5-11.3-11.3-11.3h-2.6v-5.4h26.5c2.3,0,4.2-1.9,4.2-4.2V28.9  C90.4,25.4,87.6,22.6,84.1,22.6z M71.4,98.1H24.9c0.5-4.6,4.4-8.2,9.1-8.2h28.2C67,89.9,70.9,93.5,71.4,98.1z M57.6,87.8h-19v-5.4  h19V87.8z M86.2,80.4H11C9.3,80.4,8,79,8,77.3v-4.5h80.4v5.4C88.3,79.4,87.4,80.4,86.2,80.4z\"><\/path><\/g><\/svg>\t\t\t<\/div>\n\t\t<\/div>\n\t\t\t\t\t\t<\/div>\n\t\t\t\t<\/div>\n\t\t\t\t<div class=\"elementor-element elementor-element-5ae6a03 elementor-widget-divider--view-line elementor-widget elementor-widget-divider\" data-id=\"5ae6a03\" data-element_type=\"widget\" data-e-type=\"widget\" data-widget_type=\"divider.default\">\n\t\t\t\t<div class=\"elementor-widget-container\">\n\t\t\t\t\t\t\t<div class=\"elementor-divider\">\n\t\t\t<span class=\"elementor-divider-separator\">\n\t\t\t\t\t\t<\/span>\n\t\t<\/div>\n\t\t\t\t\t\t<\/div>\n\t\t\t\t<\/div>\n\t\t\t\t<div class=\"elementor-element elementor-element-250d003 elementor-widget elementor-widget-text-editor\" data-id=\"250d003\" data-element_type=\"widget\" data-e-type=\"widget\" data-widget_type=\"text-editor.default\">\n\t\t\t\t<div class=\"elementor-widget-container\">\n\t\t\t\t\t\t\t\t\t<p>El canvi de tend\u00e8ncies, la globalitzaci\u00f3, l'aven\u00e7 de la tecnologia, la ciberseguretat estan en constant evoluci\u00f3 i les empreses de seguretat privada, i el seu personal, no se'n pot quedar al marge.<\/p><p>Les empreses es veuen afectades per novetats legislatives de qu\u00e8 deriven obligacions i actualitzaci\u00f3 de processos.<\/p><p>Des d'ACAES oferim jornades formatives adre\u00e7ades als professionals de la seguretat privada i cursos formatius per estar al dia de les novetats i de les noves tend\u00e8ncies, i per reciclar-se quant a les obligacions derivades del compliment de la normativa.<\/p>\t\t\t\t\t\t\t\t<\/div>\n\t\t\t\t<\/div>\n\t\t\t\t<div class=\"elementor-element elementor-element-60b34be elementor-widget elementor-widget-heading\" data-id=\"60b34be\" data-element_type=\"widget\" data-e-type=\"widget\" data-widget_type=\"heading.default\">\n\t\t\t\t<div class=\"elementor-widget-container\">\n\t\t\t\t\t<h3 class=\"elementor-heading-title elementor-size-default\">Cursos vigents<\/h3>\t\t\t\t<\/div>\n\t\t\t\t<\/div>\n\t\t<div class=\"elementor-element elementor-element-4c2d973 e-flex e-con-boxed e-con e-parent\" data-id=\"4c2d973\" data-element_type=\"container\" data-e-type=\"container\">\n\t\t\t\t\t<div class=\"e-con-inner\">\n\t\t\t\t<div class=\"elementor-element elementor-element-a209fc3 elementor-widget elementor-widget-image\" data-id=\"a209fc3\" data-element_type=\"widget\" data-e-type=\"widget\" data-widget_type=\"image.default\">\n\t\t\t\t<div class=\"elementor-widget-container\">\n\t\t\t\t\t\t\t\t\t\t\t\t\t\t\t<img fetchpriority=\"high\" decoding=\"async\" width=\"800\" height=\"450\" src=\"https:\/\/acaes.net\/wp-content\/uploads\/2025\/12\/e-security.jpg\" class=\"attachment-large size-large wp-image-8098\" alt=\"\" srcset=\"https:\/\/acaes.net\/wp-content\/uploads\/2025\/12\/e-security.jpg 960w, https:\/\/acaes.net\/wp-content\/uploads\/2025\/12\/e-security-300x169.jpg 300w, https:\/\/acaes.net\/wp-content\/uploads\/2025\/12\/e-security-768x432.jpg 768w, https:\/\/acaes.net\/wp-content\/uploads\/2025\/12\/e-security-18x10.jpg 18w\" sizes=\"(max-width: 800px) 100vw, 800px\" \/>\t\t\t\t\t\t\t\t\t\t\t\t\t\t\t<\/div>\n\t\t\t\t<\/div>\n\t\t\t\t<div class=\"elementor-element elementor-element-7804ad2 elementor-widget elementor-widget-image\" data-id=\"7804ad2\" data-element_type=\"widget\" data-e-type=\"widget\" data-widget_type=\"image.default\">\n\t\t\t\t<div class=\"elementor-widget-container\">\n\t\t\t\t\t\t\t\t\t\t\t\t\t\t\t<img decoding=\"async\" width=\"800\" height=\"450\" src=\"https:\/\/acaes.net\/wp-content\/uploads\/2025\/12\/perdua.jpg\" class=\"attachment-large size-large wp-image-8099\" alt=\"\" srcset=\"https:\/\/acaes.net\/wp-content\/uploads\/2025\/12\/perdua.jpg 960w, https:\/\/acaes.net\/wp-content\/uploads\/2025\/12\/perdua-300x169.jpg 300w, https:\/\/acaes.net\/wp-content\/uploads\/2025\/12\/perdua-768x432.jpg 768w, https:\/\/acaes.net\/wp-content\/uploads\/2025\/12\/perdua-18x10.jpg 18w\" sizes=\"(max-width: 800px) 100vw, 800px\" \/>\t\t\t\t\t\t\t\t\t\t\t\t\t\t\t<\/div>\n\t\t\t\t<\/div>\n\t\t\t\t\t<\/div>\n\t\t\t\t<\/div>\n\t\t\t\t\t<\/div>\n\t\t<\/div>\n\t\t\t\t\t<\/div>\n\t\t<\/section>\n\t\t\t\t<section class=\"dce-visibility-event elementor-section elementor-top-section elementor-element elementor-element-808402e elementor-section-full_width elementor-section-height-default elementor-section-height-default elementor-invisible\" data-id=\"808402e\" data-element_type=\"section\" data-e-type=\"section\" data-settings=\"{&quot;animation&quot;:&quot;fadeInDown&quot;,&quot;enabled_visibility&quot;:&quot;yes&quot;,&quot;dce_visibility_selected&quot;:&quot;yes&quot;}\">\n\t\t\t\t\t\t<div class=\"elementor-container elementor-column-gap-default\">\n\t\t\t\t\t<div class=\"elementor-column elementor-col-100 elementor-top-column elementor-element elementor-element-10e6668\" data-id=\"10e6668\" data-element_type=\"column\" data-e-type=\"column\">\n\t\t\t<div class=\"elementor-widget-wrap elementor-element-populated\">\n\t\t\t\t\t\t<div class=\"elementor-element elementor-element-3a32435 elementor-cta--valign-middle elementor-bg-transform elementor-bg-transform-move-down elementor-cta--skin-cover elementor-animated-content elementor-widget elementor-widget-global elementor-global-2945 elementor-widget-call-to-action\" data-id=\"3a32435\" data-element_type=\"widget\" data-e-type=\"widget\" data-widget_type=\"call-to-action.default\">\n\t\t\t\t<div class=\"elementor-widget-container\">\n\t\t\t\t\t\t\t<div class=\"elementor-cta\">\n\t\t\t\t\t<div class=\"elementor-cta__bg-wrapper\">\n\t\t\t\t<div class=\"elementor-cta__bg elementor-bg\" style=\"background-image: url(https:\/\/acaes.net\/wp-content\/uploads\/2023\/02\/acaes-banner-1-3.jpg);\" role=\"img\" aria-label=\"acaes-banner (1)\"><\/div>\n\t\t\t\t<div class=\"elementor-cta__bg-overlay\"><\/div>\n\t\t\t<\/div>\n\t\t\t\t\t\t\t<div class=\"elementor-cta__content\">\n\t\t\t\t\t\t\t\t\t<div class=\"elementor-content-item elementor-cta__content-item elementor-icon-wrapper elementor-cta__icon elementor-view-default elementor-animated-item--grow\">\n\t\t\t\t\t\t<div class=\"elementor-icon\">\n\t\t\t\t\t\t\t<svg aria-hidden=\"true\" class=\"e-font-icon-svg e-fas-user\" viewbox=\"0 0 448 512\" xmlns=\"http:\/\/www.w3.org\/2000\/svg\"><path d=\"M224 256c70.7 0 128-57.3 128-128S294.7 0 224 0 96 57.3 96 128s57.3 128 128 128zm89.6 32h-16.7c-22.2 10.2-46.9 16-72.9 16s-50.6-5.8-72.9-16h-16.7C60.2 288 0 348.2 0 422.4V464c0 26.5 21.5 48 48 48h352c26.5 0 48-21.5 48-48v-41.6c0-74.2-60.2-134.4-134.4-134.4z\"><\/path><\/svg>\t\t\t\t\t\t<\/div>\n\t\t\t\t\t<\/div>\n\t\t\t\t\n\t\t\t\t\t\t\t\t\t<h3 class=\"elementor-cta__title elementor-cta__content-item elementor-content-item elementor-animated-item--grow\">\n\t\t\t\t\t\tHazte socio\t\t\t\t\t<\/h3>\n\t\t\t\t\n\t\t\t\t\t\t\t\t\t<div class=\"elementor-cta__description elementor-cta__content-item elementor-content-item elementor-animated-item--grow\">\n\t\t\t\t\t\tdisfruta de todas las novedades y ventajas de asociarte.\t\t\t\t\t<\/div>\n\t\t\t\t\n\t\t\t\t\t\t\t\t\t<div class=\"elementor-cta__button-wrapper elementor-cta__content-item elementor-content-item elementor-animated-item--grow\">\n\t\t\t\t\t<a class=\"elementor-cta__button elementor-button elementor-size-\" href=\"https:\/\/acaes.net\/ca\/como-asociarse\/\" target=\"_blank\">\n\t\t\t\t\t\tAssocia't\t\t\t\t\t<\/a>\n\t\t\t\t\t<\/div>\n\t\t\t\t\t\t\t<\/div>\n\t\t\t\t\t\t<\/div>\n\t\t\t\t\t\t<\/div>\n\t\t\t\t<\/div>\n\t\t\t\t\t<\/div>\n\t\t<\/div>\n\t\t\t\t\t<\/div>\n\t\t<\/section>\n\t\t\t\t<\/div>","protected":false},"excerpt":{"rendered":"<p>El cambio de tendencias, la globalizaci\u00f3n, el avance de la tecnolog\u00eda, la ciberseguridad, est\u00e1n en constante evoluci\u00f3n y las empresas de seguridad privada, y su personal, no puede quedarse al [&hellip;]<\/p>\n","protected":false},"author":4,"featured_media":0,"parent":2859,"menu_order":0,"comment_status":"closed","ping_status":"closed","template":"","meta":{"footnotes":""},"class_list":["post-3793","page","type-page","status-publish","hentry"],"_links":{"self":[{"href":"https:\/\/acaes.net\/ca\/wp-json\/wp\/v2\/pages\/3793","targetHints":{"allow":["GET"]}}],"collection":[{"href":"https:\/\/acaes.net\/ca\/wp-json\/wp\/v2\/pages"}],"about":[{"href":"https:\/\/acaes.net\/ca\/wp-json\/wp\/v2\/types\/page"}],"author":[{"embeddable":true,"href":"https:\/\/acaes.net\/ca\/wp-json\/wp\/v2\/users\/4"}],"replies":[{"embeddable":true,"href":"https:\/\/acaes.net\/ca\/wp-json\/wp\/v2\/comments?post=3793"}],"version-history":[{"count":67,"href":"https:\/\/acaes.net\/ca\/wp-json\/wp\/v2\/pages\/3793\/revisions"}],"predecessor-version":[{"id":8115,"href":"https:\/\/acaes.net\/ca\/wp-json\/wp\/v2\/pages\/3793\/revisions\/8115"}],"up":[{"embeddable":true,"href":"https:\/\/acaes.net\/ca\/wp-json\/wp\/v2\/pages\/2859"}],"wp:attachment":[{"href":"https:\/\/acaes.net\/ca\/wp-json\/wp\/v2\/media?parent=3793"}],"curies":[{"name":"wp","href":"https:\/\/api.w.org\/{rel}","templated":true}]}}